{"id":408,"date":"2019-10-22T21:31:08","date_gmt":"2019-10-22T19:31:08","guid":{"rendered":"https:\/\/mebweb.ca\/sub\/prokontrol\/?page_id=408"},"modified":"2020-11-26T10:38:44","modified_gmt":"2020-11-26T15:38:44","slug":"entrepreneur","status":"publish","type":"page","link":"https:\/\/mebweb.ca\/sub\/prokontrol\/entrepreneur\/","title":{"rendered":"Entrepreneur"},"content":{"rendered":"\t\t<div data-elementor-type=\"wp-page\" data-elementor-id=\"408\" class=\"elementor elementor-408\" data-elementor-settings=\"[]\">\n\t\t\t\t\t\t<div class=\"elementor-inner\">\n\t\t\t\t\t\t\t<div class=\"elementor-section-wrap\">\n\t\t\t\t\t\t\t<section class=\"elementor-section elementor-top-section elementor-element elementor-element-c43d678 elementor-section-full_width page-header-1 elementor-section-height-min-height elementor-section-content-middle elementor-section-height-default elementor-section-items-middle\" data-id=\"c43d678\" data-element_type=\"section\" id=\"page-header\" data-settings=\"{&quot;background_background&quot;:&quot;classic&quot;}\">\n\t\t\t\t\t\t<div class=\"elementor-container elementor-column-gap-default\">\n\t\t\t\t\t\t\t<div class=\"elementor-row\">\n\t\t\t\t\t<div class=\"elementor-column elementor-col-100 elementor-top-column elementor-element elementor-element-7d85cab\" data-id=\"7d85cab\" data-element_type=\"column\">\n\t\t\t<div class=\"elementor-column-wrap elementor-element-populated\">\n\t\t\t\t\t\t\t<div class=\"elementor-widget-wrap\">\n\t\t\t\t\t\t<div class=\"elementor-element elementor-element-8d4b982 page-title elementor-widget elementor-widget-heading\" data-id=\"8d4b982\" data-element_type=\"widget\" data-widget_type=\"heading.default\">\n\t\t\t\t<div class=\"elementor-widget-container\">\n\t\t\t<h1 class=\"elementor-heading-title elementor-size-default\">SECTION ENTREPRENEUR<\/h1>\t\t<\/div>\n\t\t\t\t<\/div>\n\t\t\t\t\t\t<\/div>\n\t\t\t\t\t<\/div>\n\t\t<\/div>\n\t\t\t\t\t\t\t\t<\/div>\n\t\t\t\t\t<\/div>\n\t\t<\/section>\n\t\t\t\t<section class=\"elementor-section elementor-top-section elementor-element elementor-element-3230c5e section vous-etes elementor-section-full_width elementor-section-height-default elementor-section-height-default\" data-id=\"3230c5e\" data-element_type=\"section\" data-settings=\"{&quot;background_background&quot;:&quot;classic&quot;}\">\n\t\t\t\t\t\t<div class=\"elementor-container elementor-column-gap-narrow\">\n\t\t\t\t\t\t\t<div class=\"elementor-row\">\n\t\t\t\t\t<div class=\"elementor-column elementor-col-100 elementor-top-column elementor-element elementor-element-613ba43\" data-id=\"613ba43\" data-element_type=\"column\">\n\t\t\t<div class=\"elementor-column-wrap elementor-element-populated\">\n\t\t\t\t\t\t\t<div class=\"elementor-widget-wrap\">\n\t\t\t\t\t\t<div class=\"elementor-element elementor-element-26d5f4e section-title elementor-widget elementor-widget-heading\" data-id=\"26d5f4e\" data-element_type=\"widget\" data-widget_type=\"heading.default\">\n\t\t\t\t<div class=\"elementor-widget-container\">\n\t\t\t<h2 class=\"elementor-heading-title elementor-size-default\">QUI \u00caTES-VOUS?<br>CHOISISEZ VOTRE PROFIL<\/h2>\t\t<\/div>\n\t\t\t\t<\/div>\n\t\t\t\t<section class=\"elementor-section elementor-inner-section elementor-element elementor-element-f4cc8fd elementor-section-boxed elementor-section-height-default elementor-section-height-default\" data-id=\"f4cc8fd\" data-element_type=\"section\">\n\t\t\t\t\t\t<div class=\"elementor-container elementor-column-gap-default\">\n\t\t\t\t\t\t\t<div class=\"elementor-row\">\n\t\t\t\t\t<div class=\"elementor-column elementor-col-25 elementor-inner-column elementor-element elementor-element-1ff836c\" data-id=\"1ff836c\" data-element_type=\"column\">\n\t\t\t<div class=\"elementor-column-wrap elementor-element-populated\">\n\t\t\t\t\t\t\t<div class=\"elementor-widget-wrap\">\n\t\t\t\t\t\t<div class=\"elementor-element elementor-element-40fc0b3 elementor-view-default elementor-position-top elementor-vertical-align-top elementor-widget elementor-widget-icon-box\" data-id=\"40fc0b3\" data-element_type=\"widget\" data-widget_type=\"icon-box.default\">\n\t\t\t\t<div class=\"elementor-widget-container\">\n\t\t\t\t\t<div class=\"elementor-icon-box-wrapper\">\n\t\t\t\t\t\t<div class=\"elementor-icon-box-icon\">\n\t\t\t\t<a class=\"elementor-icon elementor-animation-\" href=\"https:\/\/mebweb.ca\/sub\/prokontrol\/entrepreneur\/entrepreneurs-en-ventilation-climatisation\/\">\n\t\t\t\t<svg xmlns=\"http:\/\/www.w3.org\/2000\/svg\" xmlns:xlink=\"http:\/\/www.w3.org\/1999\/xlink\" id=\"Layer_1\" x=\"0px\" y=\"0px\" viewBox=\"0 0 100 100\" style=\"enable-background:new 0 0 100 100;\" xml:space=\"preserve\">\n<g>\n\t<path d=\"M26.9,92.4h9.6v3.8h-9.6V92.4z\"><\/path>\n\t<path d=\"M36.5,92.4h26.9v3.8H36.5V92.4z\"><\/path>\n\t<path d=\"M63.5,92.4h9.6v3.8h-9.6V92.4z\"><\/path>\n\t<path d=\"M75,50.6h-3.8V18.5L50,8L28.8,18.6v31.5H25V16.2L50,3.7l25,12.3L75,50.6z\"><\/path>\n\t<path d=\"M96.2,96.3H61.5V48.2h34.6L96.2,96.3z M65.4,92.4h26.9V52H65.4V92.4z\"><\/path>\n\t<path d=\"M38.5,96.3H3.8V48.2h34.6L38.5,96.3z M7.7,92.4h26.9V52H7.7V92.4z\"><\/path>\n\t<path d=\"M86.5,96.3H71.2V75.1c0-4.2,3.4-7.7,7.7-7.7c4.2,0,7.7,3.4,7.7,7.7L86.5,96.3z M75,92.4h7.7V75.1c0-2.1-1.7-3.8-3.8-3.8   S75,73,75,75.1L75,92.4z\"><\/path>\n\t<path d=\"M28.8,96.3H13.5V75.1c0-4.2,3.4-7.7,7.7-7.7s7.7,3.4,7.7,7.7L28.8,96.3z M17.3,92.4H25V75.1c0-2.1-1.7-3.8-3.8-3.8   s-3.8,1.7-3.8,3.8L17.3,92.4z\"><\/path>\n\t<path d=\"M38.5,23.2h23.1V27H38.5V23.2z\"><\/path>\n\t<path d=\"M38.5,36.6h23.1v3.8H38.5V36.6z\"><\/path>\n<\/g>\n<\/svg>\t\t\t\t<\/a>\n\t\t\t<\/div>\n\t\t\t\t\t\t<div class=\"elementor-icon-box-content\">\n\t\t\t\t<h3 class=\"elementor-icon-box-title\">\n\t\t\t\t\t<a href=\"https:\/\/mebweb.ca\/sub\/prokontrol\/entrepreneur\/entrepreneurs-en-ventilation-climatisation\/\">JE SUIS UN ENTREPRENEUR EN ventilation \/<br>climatisation<\/a>\n\t\t\t\t<\/h3>\n\t\t\t\t\t\t\t<\/div>\n\t\t<\/div>\n\t\t\t\t<\/div>\n\t\t\t\t<\/div>\n\t\t\t\t\t\t<\/div>\n\t\t\t\t\t<\/div>\n\t\t<\/div>\n\t\t\t\t<div class=\"elementor-column elementor-col-25 elementor-inner-column elementor-element elementor-element-84fc5d9\" data-id=\"84fc5d9\" data-element_type=\"column\">\n\t\t\t<div class=\"elementor-column-wrap elementor-element-populated\">\n\t\t\t\t\t\t\t<div class=\"elementor-widget-wrap\">\n\t\t\t\t\t\t<div class=\"elementor-element elementor-element-1565fc8 elementor-view-default elementor-position-top elementor-vertical-align-top elementor-widget elementor-widget-icon-box\" data-id=\"1565fc8\" data-element_type=\"widget\" data-widget_type=\"icon-box.default\">\n\t\t\t\t<div class=\"elementor-widget-container\">\n\t\t\t\t\t<div class=\"elementor-icon-box-wrapper\">\n\t\t\t\t\t\t<div class=\"elementor-icon-box-icon\">\n\t\t\t\t<a class=\"elementor-icon elementor-animation-\" href=\"https:\/\/mebweb.ca\/sub\/prokontrol\/entrepreneur\/entrepreneur-en-controles\/\" rel=\"nofollow\">\n\t\t\t\t<svg xmlns=\"http:\/\/www.w3.org\/2000\/svg\" xmlns:xlink=\"http:\/\/www.w3.org\/1999\/xlink\" id=\"Layer_1\" x=\"0px\" y=\"0px\" viewBox=\"0 0 100 100\" style=\"enable-background:new 0 0 100 100;\" xml:space=\"preserve\">\n<g>\n\t<path d=\"M50.2,27.4c-3,0-5.4-2.4-5.4-5.4s2.4-5.4,5.4-5.4s5.4,2.4,5.4,5.4C55.6,24.9,53.2,27.4,50.2,27.4z M50.2,20.1   c-1,0-1.8,0.8-1.8,1.8c0,1,0.8,1.8,1.8,1.8c1,0,1.8-0.8,1.8-1.8C52,20.9,51.2,20.1,50.2,20.1z\"><\/path>\n\t<path d=\"M85.3,94.3H14.7c-1,0-1.8-0.8-1.8-1.8V65.3c0-0.9,0.6-1.6,1.4-1.8l22.6-4.8c0.8-0.2,1.6,0.2,2,0.9l6,10.6l4.6-2.9   c0.6-0.4,1.4-0.4,2,0l4.4,2.9l8.5-10.7c0.5-0.6,1.3-0.8,2-0.6l19.5,6.5c0.7,0.2,1.2,0.9,1.2,1.7v25.2   C87.1,93.5,86.3,94.3,85.3,94.3L85.3,94.3z M16.5,90.7h67V68.7l-17.1-5.7l-8.8,11c-0.6,0.7-1.6,0.9-2.4,0.4l-4.8-3.2l-5.2,3.2   c-0.4,0.3-0.9,0.3-1.4,0.2c-0.5-0.1-0.9-0.4-1.1-0.9l-6.3-11.1l-19.8,4.2L16.5,90.7z\"><\/path>\n\t<path d=\"M70.8,94.3H29.2c-1,0-1.8-0.8-1.8-1.8V77.4c0-1,0.8-1.8,1.8-1.8s1.8,0.8,1.8,1.8v13.3h38V77.4c0-1,0.8-1.8,1.8-1.8   s1.8,0.8,1.8,1.8v15.1C72.6,93.5,71.8,94.3,70.8,94.3L70.8,94.3z\"><\/path>\n\t<path d=\"M44.2,74.6c-0.2,0-0.3,0-0.5-0.1c-0.5-0.1-0.9-0.4-1.1-0.9l-6.9-12.3c-0.3-0.6-0.3-1.3,0.1-1.9l3.6-5.3   c0.3-0.5,0.9-0.8,1.5-0.8h0c0.6,0,1.1,0.3,1.5,0.8l9.5,13.7c0.3,0.4,0.4,0.9,0.3,1.4c-0.1,0.5-0.4,0.9-0.8,1.2l-6.2,3.8   C44.9,74.5,44.5,74.6,44.2,74.6L44.2,74.6z M39.4,60.6l5.4,9.6l3-1.9l-6.9-10L39.4,60.6z\"><\/path>\n\t<path d=\"M56.2,74.6c-0.3,0-0.7-0.1-1-0.3l-5.7-3.8c-0.4-0.3-0.7-0.7-0.8-1.2c-0.1-0.5,0.1-1,0.4-1.4l10.6-13.7   c0.3-0.4,0.8-0.7,1.4-0.7c0.5,0,1.1,0.2,1.4,0.6l4.7,5.6c0.6,0.7,0.6,1.6,0,2.3l-9.6,12C57.3,74.4,56.7,74.6,56.2,74.6L56.2,74.6z    M53.1,68.5l2.8,1.8l7.6-9.5l-2.3-2.7L53.1,68.5z\"><\/path>\n\t<path d=\"M50.4,56.3c-4.8,0-9.1-3-12.2-8.5c-2.4-4.2-4-9.8-4-14.2c0-1,0.1-1.9,0.2-2.8c0.1-0.9,0.9-1.5,1.8-1.5h28.4   c0.9,0,1.6,0.6,1.8,1.5c0.1,0.9,0.2,1.8,0.2,2.8c0,4.4-1.6,10-4,14.2C59.6,53.3,55.2,56.3,50.4,56.3L50.4,56.3z M37.9,32.9   c0,0.2,0,0.5,0,0.7c0,3.8,1.4,8.7,3.5,12.4c1.7,3.1,4.7,6.7,9.1,6.7c8.2,0,12.6-12.6,12.6-19.1c0-0.2,0-0.5,0-0.7L37.9,32.9z\"><\/path>\n\t<path d=\"M65.1,27.4H34.9c-0.9,0-1.6-0.6-1.8-1.5c-0.2-1-0.3-2-0.3-3c0-9.5,7.7-17.2,17.2-17.2c9.5,0,17.2,7.7,17.2,17.2   c0,1-0.1,2-0.3,3C66.8,26.7,66,27.4,65.1,27.4L65.1,27.4z M36.5,23.8h27.1c0-0.3,0-0.6,0-0.9c0-7.5-6.1-13.6-13.6-13.6   s-13.6,6.1-13.6,13.6C36.4,23.2,36.4,23.5,36.5,23.8L36.5,23.8z\"><\/path>\n\t<path d=\"M66.2,32.8h-32c-1.8,0-3.2-1.4-3.2-3.2V27c0-1.8,1.4-3.2,3.2-3.2h32c1.8,0,3.2,1.4,3.2,3.2v2.6   C69.4,31.4,68,32.8,66.2,32.8z M34.6,29.2h31.2v-1.8H34.6V29.2z\"><\/path>\n\t<path d=\"M50.2,20.1c-1,0-1.8-0.8-1.8-1.8L48.2,7.5c0-1,0.8-1.8,1.8-1.8c1,0,1.8,0.8,1.8,1.8L52,18.3C52,19.3,51.2,20.1,50.2,20.1   C50.2,20.1,50.2,20.1,50.2,20.1L50.2,20.1z\"><\/path>\n\t<path d=\"M61.8,87.1H38.2c-1,0-1.8-0.8-1.8-1.8s0.8-1.8,1.8-1.8h23.5c1,0,1.8,0.8,1.8,1.8C63.6,86.3,62.8,87.1,61.8,87.1L61.8,87.1z   \"><\/path>\n\t<path d=\"M61.8,81.7H38.2c-1,0-1.8-0.8-1.8-1.8s0.8-1.8,1.8-1.8h23.5c1,0,1.8,0.8,1.8,1.8C63.6,80.9,62.8,81.7,61.8,81.7L61.8,81.7z   \"><\/path>\n<\/g>\n<\/svg>\t\t\t\t<\/a>\n\t\t\t<\/div>\n\t\t\t\t\t\t<div class=\"elementor-icon-box-content\">\n\t\t\t\t<h3 class=\"elementor-icon-box-title\">\n\t\t\t\t\t<a href=\"https:\/\/mebweb.ca\/sub\/prokontrol\/entrepreneur\/entrepreneur-en-controles\/\" rel=\"nofollow\">JE SUIS UN Entrepreneur en Contr\u00f4les<\/a>\n\t\t\t\t<\/h3>\n\t\t\t\t\t\t\t<\/div>\n\t\t<\/div>\n\t\t\t\t<\/div>\n\t\t\t\t<\/div>\n\t\t\t\t\t\t<\/div>\n\t\t\t\t\t<\/div>\n\t\t<\/div>\n\t\t\t\t<div class=\"elementor-column elementor-col-25 elementor-inner-column elementor-element elementor-element-1a7c61d\" data-id=\"1a7c61d\" data-element_type=\"column\">\n\t\t\t<div class=\"elementor-column-wrap elementor-element-populated\">\n\t\t\t\t\t\t\t<div class=\"elementor-widget-wrap\">\n\t\t\t\t\t\t<div class=\"elementor-element elementor-element-62fc5d2 elementor-view-default elementor-position-top elementor-vertical-align-top elementor-widget elementor-widget-icon-box\" data-id=\"62fc5d2\" data-element_type=\"widget\" data-widget_type=\"icon-box.default\">\n\t\t\t\t<div class=\"elementor-widget-container\">\n\t\t\t\t\t<div class=\"elementor-icon-box-wrapper\">\n\t\t\t\t\t\t<div class=\"elementor-icon-box-icon\">\n\t\t\t\t<a class=\"elementor-icon elementor-animation-\" href=\"https:\/\/mebweb.ca\/sub\/prokontrol\/entrepreneur\/entrepreneurs-en-plomberie\/\">\n\t\t\t\t<svg xmlns=\"http:\/\/www.w3.org\/2000\/svg\" xmlns:xlink=\"http:\/\/www.w3.org\/1999\/xlink\" id=\"Layer_1\" x=\"0px\" y=\"0px\" viewBox=\"0 0 100 100\" style=\"enable-background:new 0 0 100 100;\" xml:space=\"preserve\">\n<g>\n\t<path d=\"M5.5,98.4h89.1V67.2h3.9V25h-3.9v-6.2H83.6V25h-82v42.2h3.9L5.5,98.4z M8.6,95.3V67.2h35.9v28.1H8.6z M63.3,95.3V75h12.5   v20.3H63.3z M78.9,95.3V71.9H60.2v23.4H47.7V66.3L69.5,44l21.9,22.3v29.1H78.9z M86.7,21.9h4.7V25h-4.7V21.9z M4.7,28.1h90.6v35.9   h-1.7L69.5,39.5L45.5,64.1H4.7L4.7,28.1z\"><\/path>\n\t<path d=\"M12.5,71.9v14.8h28.1V71.9H12.5z M37.5,83.6H15.6V75h21.9V83.6z\"><\/path>\n\t<path d=\"M12.5,51.6H25V36.7H12.5V51.6z M15.6,39.8h6.2v8.6h-6.2V39.8z\"><\/path>\n\t<path d=\"M32,51.6h12.5V36.7H32V51.6z M35.2,39.8h6.2v8.6h-6.2V39.8z\"><\/path>\n<\/g>\n<\/svg>\t\t\t\t<\/a>\n\t\t\t<\/div>\n\t\t\t\t\t\t<div class=\"elementor-icon-box-content\">\n\t\t\t\t<h3 class=\"elementor-icon-box-title\">\n\t\t\t\t\t<a href=\"https:\/\/mebweb.ca\/sub\/prokontrol\/entrepreneur\/entrepreneurs-en-plomberie\/\">JE SUIS UN ENTREPRENEUR  EN plomberie<\/a>\n\t\t\t\t<\/h3>\n\t\t\t\t\t\t\t<\/div>\n\t\t<\/div>\n\t\t\t\t<\/div>\n\t\t\t\t<\/div>\n\t\t\t\t\t\t<\/div>\n\t\t\t\t\t<\/div>\n\t\t<\/div>\n\t\t\t\t<div class=\"elementor-column elementor-col-25 elementor-inner-column elementor-element elementor-element-0161b5d\" data-id=\"0161b5d\" data-element_type=\"column\">\n\t\t\t<div class=\"elementor-column-wrap elementor-element-populated\">\n\t\t\t\t\t\t\t<div class=\"elementor-widget-wrap\">\n\t\t\t\t\t\t<div class=\"elementor-element elementor-element-bee3ce9 elementor-view-default elementor-position-top elementor-vertical-align-top elementor-widget elementor-widget-icon-box\" data-id=\"bee3ce9\" data-element_type=\"widget\" data-widget_type=\"icon-box.default\">\n\t\t\t\t<div class=\"elementor-widget-container\">\n\t\t\t\t\t<div class=\"elementor-icon-box-wrapper\">\n\t\t\t\t\t\t<div class=\"elementor-icon-box-icon\">\n\t\t\t\t<a class=\"elementor-icon elementor-animation-\" href=\"https:\/\/mebweb.ca\/sub\/prokontrol\/entrepreneur\/entrepreneur-electriciens\/\">\n\t\t\t\t<svg xmlns=\"http:\/\/www.w3.org\/2000\/svg\" xmlns:xlink=\"http:\/\/www.w3.org\/1999\/xlink\" id=\"Layer_1\" x=\"0px\" y=\"0px\" viewBox=\"0 0 100 100\" style=\"enable-background:new 0 0 100 100;\" xml:space=\"preserve\">\n<g>\n\t<path d=\"M26.9,92.4h9.6v3.8h-9.6V92.4z\"><\/path>\n\t<path d=\"M36.5,92.4h26.9v3.8H36.5V92.4z\"><\/path>\n\t<path d=\"M63.5,92.4h9.6v3.8h-9.6V92.4z\"><\/path>\n\t<path d=\"M75,50.6h-3.8V18.5L50,8L28.8,18.6v31.5H25V16.2L50,3.7l25,12.3L75,50.6z\"><\/path>\n\t<path d=\"M96.2,96.3H61.5V48.2h34.6L96.2,96.3z M65.4,92.4h26.9V52H65.4V92.4z\"><\/path>\n\t<path d=\"M38.5,96.3H3.8V48.2h34.6L38.5,96.3z M7.7,92.4h26.9V52H7.7V92.4z\"><\/path>\n\t<path d=\"M86.5,96.3H71.2V75.1c0-4.2,3.4-7.7,7.7-7.7c4.2,0,7.7,3.4,7.7,7.7L86.5,96.3z M75,92.4h7.7V75.1c0-2.1-1.7-3.8-3.8-3.8   S75,73,75,75.1L75,92.4z\"><\/path>\n\t<path d=\"M28.8,96.3H13.5V75.1c0-4.2,3.4-7.7,7.7-7.7s7.7,3.4,7.7,7.7L28.8,96.3z M17.3,92.4H25V75.1c0-2.1-1.7-3.8-3.8-3.8   s-3.8,1.7-3.8,3.8L17.3,92.4z\"><\/path>\n\t<path d=\"M38.5,23.2h23.1V27H38.5V23.2z\"><\/path>\n\t<path d=\"M38.5,36.6h23.1v3.8H38.5V36.6z\"><\/path>\n<\/g>\n<\/svg>\t\t\t\t<\/a>\n\t\t\t<\/div>\n\t\t\t\t\t\t<div class=\"elementor-icon-box-content\">\n\t\t\t\t<h3 class=\"elementor-icon-box-title\">\n\t\t\t\t\t<a href=\"https:\/\/mebweb.ca\/sub\/prokontrol\/entrepreneur\/entrepreneur-electriciens\/\">JE SUIS UN ENTREPRENEUR EN  \u00e9lectricit\u00e9<\/a>\n\t\t\t\t<\/h3>\n\t\t\t\t\t\t\t<\/div>\n\t\t<\/div>\n\t\t\t\t<\/div>\n\t\t\t\t<\/div>\n\t\t\t\t\t\t<\/div>\n\t\t\t\t\t<\/div>\n\t\t<\/div>\n\t\t\t\t\t\t\t\t<\/div>\n\t\t\t\t\t<\/div>\n\t\t<\/section>\n\t\t\t\t\t\t<\/div>\n\t\t\t\t\t<\/div>\n\t\t<\/div>\n\t\t\t\t\t\t\t\t<\/div>\n\t\t\t\t\t<\/div>\n\t\t<\/section>\n\t\t\t\t<section class=\"elementor-section elementor-top-section elementor-element elementor-element-e97f1d3 elementor-section-stretched elementor-section-boxed elementor-section-height-default elementor-section-height-default\" data-id=\"e97f1d3\" data-element_type=\"section\" data-settings=\"{&quot;stretch_section&quot;:&quot;section-stretched&quot;,&quot;background_background&quot;:&quot;classic&quot;}\">\n\t\t\t\t\t\t<div class=\"elementor-container elementor-column-gap-default\">\n\t\t\t\t\t\t\t<div class=\"elementor-row\">\n\t\t\t\t\t<div class=\"elementor-column elementor-col-100 elementor-top-column elementor-element elementor-element-44a4821\" data-id=\"44a4821\" data-element_type=\"column\" data-settings=\"{&quot;background_background&quot;:&quot;classic&quot;}\">\n\t\t\t<div class=\"elementor-column-wrap elementor-element-populated\">\n\t\t\t\t\t\t\t<div class=\"elementor-widget-wrap\">\n\t\t\t\t\t\t<section class=\"elementor-section elementor-inner-section elementor-element elementor-element-4f5bd1c elementor-section-boxed elementor-section-height-default elementor-section-height-default\" data-id=\"4f5bd1c\" data-element_type=\"section\">\n\t\t\t\t\t\t<div class=\"elementor-container elementor-column-gap-default\">\n\t\t\t\t\t\t\t<div class=\"elementor-row\">\n\t\t\t\t\t<div class=\"elementor-column elementor-col-100 elementor-inner-column elementor-element elementor-element-0bbaa60\" data-id=\"0bbaa60\" data-element_type=\"column\">\n\t\t\t<div class=\"elementor-column-wrap elementor-element-populated\">\n\t\t\t\t\t\t\t<div class=\"elementor-widget-wrap\">\n\t\t\t\t\t\t<div class=\"elementor-element elementor-element-96d3c11 elementor-widget elementor-widget-template\" data-id=\"96d3c11\" data-element_type=\"widget\" data-widget_type=\"template.default\">\n\t\t\t\t<div class=\"elementor-widget-container\">\n\t\t\t\t\t<div class=\"elementor-template\">\n\t\t\t\t\t<div data-elementor-type=\"section\" data-elementor-id=\"12502\" class=\"elementor elementor-12502\" data-elementor-settings=\"[]\">\n\t\t<div class=\"elementor-section-wrap\">\n\t\t\t\t\t<section class=\"elementor-section elementor-top-section elementor-element elementor-element-440fbec elementor-section-boxed elementor-section-height-default elementor-section-height-default\" data-id=\"440fbec\" data-element_type=\"section\">\n\t\t\t\t\t\t<div class=\"elementor-container elementor-column-gap-default\">\n\t\t\t\t\t\t\t<div class=\"elementor-row\">\n\t\t\t\t\t<div class=\"elementor-column elementor-col-100 elementor-top-column elementor-element elementor-element-cf9d05a\" data-id=\"cf9d05a\" data-element_type=\"column\">\n\t\t\t<div class=\"elementor-column-wrap elementor-element-populated\">\n\t\t\t\t\t\t\t<div class=\"elementor-widget-wrap\">\n\t\t\t\t\t\t<div class=\"elementor-element elementor-element-9317d03 lMaj elementor-widget elementor-widget-heading\" data-id=\"9317d03\" data-element_type=\"widget\" data-widget_type=\"heading.default\">\n\t\t\t\t<div class=\"elementor-widget-container\">\n\t\t\t<h2 class=\"elementor-heading-title elementor-size-default\">Pourquoi faire affaire avec ProKontrol?<\/h2>\t\t<\/div>\n\t\t\t\t<\/div>\n\t\t\t\t<div class=\"elementor-element elementor-element-3d0e36c elementor-widget elementor-widget-text-editor\" data-id=\"3d0e36c\" data-element_type=\"widget\" data-widget_type=\"text-editor.default\">\n\t\t\t\t<div class=\"elementor-widget-container\">\n\t\t\t\t\t<div class=\"elementor-text-editor elementor-clearfix\"><p>Que votre entreprise n\u2019ait aucune expertise en contr\u00f4le ou une expertise compl\u00e8te, vous saurez trouver des avantages \u00e0 utiliser nos produits et services. Ce qui a fait la r\u00e9putation de Pro Kontrol c\u2019est son service \u00e0 la client\u00e8le in\u00e9gal\u00e9 et l\u2019expertise technique de notre \u00e9quipe. Bien s\u00fbr, toutes les entreprises disent qu\u2019elles offrent un bon service et un bon support \u00e0 leurs clients, mais en r\u00e9alit\u00e9 tr\u00e8s peu r\u00e9ussissent \u00e0 le faire. Permettre \u00e0 nos clients de sans cesse se concentrer \u00e0 mieux servir leurs propres clients et \u00e0 augmenter leur profitabilit\u00e9 ; voil\u00e0 notre raison d\u2019\u00eatre. Pro Kontrol est d\u2019abord un partenaire pour ses clients, nous sommes plus qu\u2019un fournisseur nous sommes une solution en soi.<\/p><p>\u00c0 chaque interaction avec nous, nous ajustons notre offre de produits et services \u00e0 vos besoins. Nos incommensurables stocks, notre expertise technique et notre pouvoir d\u2019achat nous permettent de vous offrir en tout temps des produits et un service de qualit\u00e9.<\/p><p>Laissez-nous vous d\u00e9montrer les avantages que vous offre Pro Kontrol. Toutes les principales marques de contr\u00f4les CVAC sous le m\u00eame toit. Consulter la liste de nos produits distribu\u00e9s. Vous serez \u00e0 m\u00eame d\u2019y constater que nous vous offrons toutes les meilleures marques de contr\u00f4les CVAC. Ainsi, vous \u00e9conomisez temps et argent, car vous serez \u00e0 m\u00eame de commander tous vous contr\u00f4les chez le m\u00eame fournisseur en une seule communication ou en une seule visite \u00e0 l\u2019un de nos 6 comptoirs. De plus, source d\u2019\u00e9conomies additionnelles, vous n\u2019aurez qu\u2019un seul fournisseur \u00e0 payer!<\/p><p>Du service et encore du service !<\/p><p>Que vous nous visitiez \u00e0 notre comptoir, que vous nous t\u00e9l\u00e9phoniez, envoyez un courriel ou un texto, nous faisons tout en notre possible pour vous servir poliment, rapidement et efficacement. Nos clients m\u00e9ritent le meilleur service qui soit et cet excellent service a fait notre renomm\u00e9e. Ainsi, vous ou votre personnel passerez moins de temps avec votre fournisseur et cette \u00e9conomie de temps se transformera rapidement en profits pour votre entreprise.<\/p><p>Mettez-nous au d\u00e9fi !<\/p><\/div>\n\t\t\t\t<\/div>\n\t\t\t\t<\/div>\n\t\t\t\t\t\t<\/div>\n\t\t\t\t\t<\/div>\n\t\t<\/div>\n\t\t\t\t\t\t\t\t<\/div>\n\t\t\t\t\t<\/div>\n\t\t<\/section>\n\t\t\t\t<\/div>\n\t\t<\/div>\n\t\t\t\t<\/div>\n\t\t\t\t<\/div>\n\t\t\t\t<\/div>\n\t\t\t\t\t\t<\/div>\n\t\t\t\t\t<\/div>\n\t\t<\/div>\n\t\t\t\t\t\t\t\t<\/div>\n\t\t\t\t\t<\/div>\n\t\t<\/section>\n\t\t\t\t\t\t<\/div>\n\t\t\t\t\t<\/div>\n\t\t<\/div>\n\t\t\t\t\t\t\t\t<\/div>\n\t\t\t\t\t<\/div>\n\t\t<\/section>\n\t\t\t\t\t\t<\/div>\n\t\t\t\t\t\t<\/div>\n\t\t\t\t\t<\/div>\n\t\t","protected":false},"excerpt":{"rendered":"<p>SECTION ENTREPRENEUR QUI \u00caTES-VOUS?CHOISISEZ VOTRE PROFIL JE SUIS UN ENTREPRENEUR EN ventilation \/climatisation JE SUIS UN Entrepreneur en Contr\u00f4les JE SUIS UN ENTREPRENEUR EN plomberie JE SUIS UN ENTREPRENEUR EN \u00e9lectricit\u00e9<\/p>\n","protected":false},"author":3,"featured_media":0,"parent":0,"menu_order":0,"comment_status":"closed","ping_status":"closed","template":"","meta":[],"_links":{"self":[{"href":"https:\/\/mebweb.ca\/sub\/prokontrol\/wp-json\/wp\/v2\/pages\/408"}],"collection":[{"href":"https:\/\/mebweb.ca\/sub\/prokontrol\/wp-json\/wp\/v2\/pages"}],"about":[{"href":"https:\/\/mebweb.ca\/sub\/prokontrol\/wp-json\/wp\/v2\/types\/page"}],"author":[{"embeddable":true,"href":"https:\/\/mebweb.ca\/sub\/prokontrol\/wp-json\/wp\/v2\/users\/3"}],"replies":[{"embeddable":true,"href":"https:\/\/mebweb.ca\/sub\/prokontrol\/wp-json\/wp\/v2\/comments?post=408"}],"version-history":[{"count":14,"href":"https:\/\/mebweb.ca\/sub\/prokontrol\/wp-json\/wp\/v2\/pages\/408\/revisions"}],"predecessor-version":[{"id":43978,"href":"https:\/\/mebweb.ca\/sub\/prokontrol\/wp-json\/wp\/v2\/pages\/408\/revisions\/43978"}],"wp:attachment":[{"href":"https:\/\/mebweb.ca\/sub\/prokontrol\/wp-json\/wp\/v2\/media?parent=408"}],"curies":[{"name":"wp","href":"https:\/\/api.w.org\/{rel}","templated":true}]}}